{"id":399,"date":"2026-01-01T17:42:22","date_gmt":"2026-01-01T17:42:22","guid":{"rendered":"http:\/\/trendib.cluster100.hosting.ovh.net\/?post_type=product&#038;p=399"},"modified":"2026-01-13T14:50:53","modified_gmt":"2026-01-13T14:50:53","slug":"sets-en-laine-jeans-vert-copy-2","status":"publish","type":"product","link":"https:\/\/trendisia.tn\/index.php\/product\/sets-en-laine-jeans-vert-copy-2\/","title":{"rendered":"Sets en laine + jeans vert (Copy)"},"content":{"rendered":"","protected":false},"excerpt":{"rendered":"<div class=\"xdj266r x14z9mp xat24cr x1lziwak x1vvkbs x126k92a\">\n<div dir=\"auto\">Set en laine + jeans reviennent dans une palette de couleurs irr\u00e9sistible <span class=\"html-span xexx8yu xyri2b x18d9i69 x1c1uobl x1hl2dhg x16tdsg8 x1vvkbs x3nfvp2 x1j61x8r x1fcty0u xdj266r xat24cr xm2jcoa x1mpyi22 xxymvpz xlup9mm x1kky2od\"><img loading=\"lazy\" decoding=\"async\" class=\"xz74otr x15mokao x1ga7v0g x16uus16 xbiv7yw\" src=\"https:\/\/static.xx.fbcdn.net\/images\/emoji.php\/v9\/t2\/1\/16\/1f60d.png\" alt=\"\ud83d\ude0d\" width=\"16\" height=\"16\" \/><\/span><\/div>\n<\/div>\n<div class=\"x14z9mp xat24cr x1lziwak x1vvkbs xtlvy1s x126k92a\">\n<div dir=\"auto\"><span class=\"html-span xexx8yu xyri2b x18d9i69 x1c1uobl x1hl2dhg x16tdsg8 x1vvkbs x3nfvp2 x1j61x8r x1fcty0u xdj266r xat24cr xm2jcoa x1mpyi22 xxymvpz xlup9mm x1kky2od\"><img loading=\"lazy\" decoding=\"async\" class=\"xz74otr x15mokao x1ga7v0g x16uus16 xbiv7yw\" src=\"https:\/\/static.xx.fbcdn.net\/images\/emoji.php\/v9\/t19\/1\/16\/1f49f.png\" alt=\"\ud83d\udc9f\" width=\"16\" height=\"16\" \/><\/span> Coupe tendance<\/div>\n<div dir=\"auto\"><span class=\"html-span xexx8yu xyri2b x18d9i69 x1c1uobl x1hl2dhg x16tdsg8 x1vvkbs x3nfvp2 x1j61x8r x1fcty0u xdj266r xat24cr xm2jcoa x1mpyi22 xxymvpz xlup9mm x1kky2od\"><img loading=\"lazy\" decoding=\"async\" class=\"xz74otr x15mokao x1ga7v0g x16uus16 xbiv7yw\" src=\"https:\/\/static.xx.fbcdn.net\/images\/emoji.php\/v9\/t19\/1\/16\/1f49f.png\" alt=\"\ud83d\udc9f\" width=\"16\" height=\"16\" \/><\/span> Mati\u00e8re douce &amp; chaude<\/div>\n<div dir=\"auto\"><span class=\"html-span xexx8yu xyri2b x18d9i69 x1c1uobl x1hl2dhg x16tdsg8 x1vvkbs x3nfvp2 x1j61x8r x1fcty0u xdj266r xat24cr xm2jcoa x1mpyi22 xxymvpz xlup9mm x1kky2od\"><img loading=\"lazy\" decoding=\"async\" class=\"xz74otr x15mokao x1ga7v0g x16uus16 xbiv7yw\" src=\"https:\/\/static.xx.fbcdn.net\/images\/emoji.php\/v9\/t19\/1\/16\/1f49f.png\" alt=\"\ud83d\udc9f\" width=\"16\" height=\"16\" \/><\/span> Id\u00e9al pour un look chic &amp; cosy<\/div>\n<\/div>\n","protected":false},"featured_media":203,"comment_status":"open","ping_status":"closed","template":"","meta":[],"product_brand":[],"product_cat":[24],"product_tag":[19],"class_list":{"0":"post-399","1":"product","2":"type-product","3":"status-publish","4":"has-post-thumbnail","6":"product_cat-set","7":"product_tag-set","9":"first","10":"instock","11":"sale","12":"shipping-taxable","13":"purchasable","14":"product-type-simple"},"yoast_head":"<!-- This site is optimized with the Yoast SEO plugin v26.5 - https:\/\/yoast.com\/wordpress\/plugins\/seo\/ -->\n<title>Sets en laine + jeans vert (Copy) - Trendisia<\/title>\n<meta name=\"robots\" content=\"index, follow, max-snippet:-1, max-image-preview:large, max-video-preview:-1\" \/>\n<link rel=\"canonical\" href=\"https:\/\/trendisia.tn\/index.php\/product\/sets-en-laine-jeans-vert-copy-2\/\" \/>\n<meta property=\"og:locale\" content=\"fr_FR\" \/>\n<meta property=\"og:type\" content=\"article\" \/>\n<meta property=\"og:title\" content=\"Sets en laine + jeans vert (Copy) - Trendisia\" \/>\n<meta property=\"og:description\" content=\"Set en laine + jeans reviennent dans une palette de couleurs irr\u00e9sistible    Coupe tendance  Mati\u00e8re douce &amp; chaude  Id\u00e9al pour un look chic &amp; cosy\" \/>\n<meta property=\"og:url\" content=\"https:\/\/trendisia.tn\/index.php\/product\/sets-en-laine-jeans-vert-copy-2\/\" \/>\n<meta property=\"og:site_name\" content=\"Trendisia\" \/>\n<meta property=\"article:modified_time\" content=\"2026-01-13T14:50:53+00:00\" \/>\n<meta property=\"og:image\" content=\"https:\/\/trendisia.tn\/wp-content\/uploads\/2025\/12\/0A4A9091-687x1030.jpg\" \/>\n\t<meta property=\"og:image:width\" content=\"687\" \/>\n\t<meta property=\"og:image:height\" content=\"1030\" \/>\n\t<meta property=\"og:image:type\" content=\"image\/jpeg\" \/>\n<meta name=\"twitter:card\" content=\"summary_large_image\" \/>\n<script type=\"application\/ld+json\" class=\"yoast-schema-graph\">{\"@context\":\"https:\/\/schema.org\",\"@graph\":[{\"@type\":\"WebPage\",\"@id\":\"https:\/\/trendisia.tn\/index.php\/product\/sets-en-laine-jeans-vert-copy-2\/\",\"url\":\"https:\/\/trendisia.tn\/index.php\/product\/sets-en-laine-jeans-vert-copy-2\/\",\"name\":\"Sets en laine + jeans vert (Copy) - Trendisia\",\"isPartOf\":{\"@id\":\"https:\/\/trendisia.tn\/#website\"},\"primaryImageOfPage\":{\"@id\":\"https:\/\/trendisia.tn\/index.php\/product\/sets-en-laine-jeans-vert-copy-2\/#primaryimage\"},\"image\":{\"@id\":\"https:\/\/trendisia.tn\/index.php\/product\/sets-en-laine-jeans-vert-copy-2\/#primaryimage\"},\"thumbnailUrl\":\"https:\/\/trendisia.tn\/wp-content\/uploads\/2025\/12\/0A4A9091-scaled.jpg\",\"datePublished\":\"2026-01-01T17:42:22+00:00\",\"dateModified\":\"2026-01-13T14:50:53+00:00\",\"breadcrumb\":{\"@id\":\"https:\/\/trendisia.tn\/index.php\/product\/sets-en-laine-jeans-vert-copy-2\/#breadcrumb\"},\"inLanguage\":\"fr-FR\",\"potentialAction\":[{\"@type\":\"ReadAction\",\"target\":[\"https:\/\/trendisia.tn\/index.php\/product\/sets-en-laine-jeans-vert-copy-2\/\"]}]},{\"@type\":\"ImageObject\",\"inLanguage\":\"fr-FR\",\"@id\":\"https:\/\/trendisia.tn\/index.php\/product\/sets-en-laine-jeans-vert-copy-2\/#primaryimage\",\"url\":\"https:\/\/trendisia.tn\/wp-content\/uploads\/2025\/12\/0A4A9091-scaled.jpg\",\"contentUrl\":\"https:\/\/trendisia.tn\/wp-content\/uploads\/2025\/12\/0A4A9091-scaled.jpg\",\"width\":1707,\"height\":2560},{\"@type\":\"BreadcrumbList\",\"@id\":\"https:\/\/trendisia.tn\/index.php\/product\/sets-en-laine-jeans-vert-copy-2\/#breadcrumb\",\"itemListElement\":[{\"@type\":\"ListItem\",\"position\":1,\"name\":\"Home\",\"item\":\"https:\/\/trendisia.tn\/index.php\/home-page\/\"},{\"@type\":\"ListItem\",\"position\":2,\"name\":\"Shop\",\"item\":\"https:\/\/trendisia.tn\/index.php\/shop\/\"},{\"@type\":\"ListItem\",\"position\":3,\"name\":\"Sets en laine + jeans vert (Copy)\"}]},{\"@type\":\"WebSite\",\"@id\":\"https:\/\/trendisia.tn\/#website\",\"url\":\"https:\/\/trendisia.tn\/\",\"name\":\"Trendisia\",\"description\":\"\",\"potentialAction\":[{\"@type\":\"SearchAction\",\"target\":{\"@type\":\"EntryPoint\",\"urlTemplate\":\"https:\/\/trendisia.tn\/?s={search_term_string}\"},\"query-input\":{\"@type\":\"PropertyValueSpecification\",\"valueRequired\":true,\"valueName\":\"search_term_string\"}}],\"inLanguage\":\"fr-FR\"}]}<\/script>\n<!-- \/ Yoast SEO plugin. -->","yoast_head_json":{"title":"Sets en laine + jeans vert (Copy) - Trendisia","robots":{"index":"index","follow":"follow","max-snippet":"max-snippet:-1","max-image-preview":"max-image-preview:large","max-video-preview":"max-video-preview:-1"},"canonical":"https:\/\/trendisia.tn\/index.php\/product\/sets-en-laine-jeans-vert-copy-2\/","og_locale":"fr_FR","og_type":"article","og_title":"Sets en laine + jeans vert (Copy) - Trendisia","og_description":"Set en laine + jeans reviennent dans une palette de couleurs irr\u00e9sistible    Coupe tendance  Mati\u00e8re douce &amp; chaude  Id\u00e9al pour un look chic &amp; cosy","og_url":"https:\/\/trendisia.tn\/index.php\/product\/sets-en-laine-jeans-vert-copy-2\/","og_site_name":"Trendisia","article_modified_time":"2026-01-13T14:50:53+00:00","og_image":[{"width":687,"height":1030,"url":"https:\/\/trendisia.tn\/wp-content\/uploads\/2025\/12\/0A4A9091-687x1030.jpg","type":"image\/jpeg"}],"twitter_card":"summary_large_image","schema":{"@context":"https:\/\/schema.org","@graph":[{"@type":"WebPage","@id":"https:\/\/trendisia.tn\/index.php\/product\/sets-en-laine-jeans-vert-copy-2\/","url":"https:\/\/trendisia.tn\/index.php\/product\/sets-en-laine-jeans-vert-copy-2\/","name":"Sets en laine + jeans vert (Copy) - Trendisia","isPartOf":{"@id":"https:\/\/trendisia.tn\/#website"},"primaryImageOfPage":{"@id":"https:\/\/trendisia.tn\/index.php\/product\/sets-en-laine-jeans-vert-copy-2\/#primaryimage"},"image":{"@id":"https:\/\/trendisia.tn\/index.php\/product\/sets-en-laine-jeans-vert-copy-2\/#primaryimage"},"thumbnailUrl":"https:\/\/trendisia.tn\/wp-content\/uploads\/2025\/12\/0A4A9091-scaled.jpg","datePublished":"2026-01-01T17:42:22+00:00","dateModified":"2026-01-13T14:50:53+00:00","breadcrumb":{"@id":"https:\/\/trendisia.tn\/index.php\/product\/sets-en-laine-jeans-vert-copy-2\/#breadcrumb"},"inLanguage":"fr-FR","potentialAction":[{"@type":"ReadAction","target":["https:\/\/trendisia.tn\/index.php\/product\/sets-en-laine-jeans-vert-copy-2\/"]}]},{"@type":"ImageObject","inLanguage":"fr-FR","@id":"https:\/\/trendisia.tn\/index.php\/product\/sets-en-laine-jeans-vert-copy-2\/#primaryimage","url":"https:\/\/trendisia.tn\/wp-content\/uploads\/2025\/12\/0A4A9091-scaled.jpg","contentUrl":"https:\/\/trendisia.tn\/wp-content\/uploads\/2025\/12\/0A4A9091-scaled.jpg","width":1707,"height":2560},{"@type":"BreadcrumbList","@id":"https:\/\/trendisia.tn\/index.php\/product\/sets-en-laine-jeans-vert-copy-2\/#breadcrumb","itemListElement":[{"@type":"ListItem","position":1,"name":"Home","item":"https:\/\/trendisia.tn\/index.php\/home-page\/"},{"@type":"ListItem","position":2,"name":"Shop","item":"https:\/\/trendisia.tn\/index.php\/shop\/"},{"@type":"ListItem","position":3,"name":"Sets en laine + jeans vert (Copy)"}]},{"@type":"WebSite","@id":"https:\/\/trendisia.tn\/#website","url":"https:\/\/trendisia.tn\/","name":"Trendisia","description":"","potentialAction":[{"@type":"SearchAction","target":{"@type":"EntryPoint","urlTemplate":"https:\/\/trendisia.tn\/?s={search_term_string}"},"query-input":{"@type":"PropertyValueSpecification","valueRequired":true,"valueName":"search_term_string"}}],"inLanguage":"fr-FR"}]}},"jetpack_sharing_enabled":true,"_links":{"self":[{"href":"https:\/\/trendisia.tn\/index.php\/wp-json\/wp\/v2\/product\/399","targetHints":{"allow":["GET"]}}],"collection":[{"href":"https:\/\/trendisia.tn\/index.php\/wp-json\/wp\/v2\/product"}],"about":[{"href":"https:\/\/trendisia.tn\/index.php\/wp-json\/wp\/v2\/types\/product"}],"replies":[{"embeddable":true,"href":"https:\/\/trendisia.tn\/index.php\/wp-json\/wp\/v2\/comments?post=399"}],"wp:featuredmedia":[{"embeddable":true,"href":"https:\/\/trendisia.tn\/index.php\/wp-json\/wp\/v2\/media\/203"}],"wp:attachment":[{"href":"https:\/\/trendisia.tn\/index.php\/wp-json\/wp\/v2\/media?parent=399"}],"wp:term":[{"taxonomy":"product_brand","embeddable":true,"href":"https:\/\/trendisia.tn\/index.php\/wp-json\/wp\/v2\/product_brand?post=399"},{"taxonomy":"product_cat","embeddable":true,"href":"https:\/\/trendisia.tn\/index.php\/wp-json\/wp\/v2\/product_cat?post=399"},{"taxonomy":"product_tag","embeddable":true,"href":"https:\/\/trendisia.tn\/index.php\/wp-json\/wp\/v2\/product_tag?post=399"}],"curies":[{"name":"wp","href":"https:\/\/api.w.org\/{rel}","templated":true}]}}